{"id":115,"date":"2023-11-06T13:47:55","date_gmt":"2023-11-06T12:47:55","guid":{"rendered":"https:\/\/www.next-scientific.com\/de\/?page_id=115"},"modified":"2026-01-20T11:28:47","modified_gmt":"2026-01-20T10:28:47","slug":"impressum","status":"publish","type":"page","link":"https:\/\/www.next-scientific.com\/de\/impressum\/","title":{"rendered":"Impressum"},"content":{"rendered":"\t\t<div data-elementor-type=\"wp-page\" data-elementor-id=\"115\" class=\"elementor elementor-115\">\n\t\t\t\t<div class=\"elementor-element elementor-element-4a23b5b e-flex e-con-boxed e-con e-parent\" data-id=\"4a23b5b\" data-element_type=\"container\" data-e-type=\"container\">\n\t\t\t\t\t<div class=\"e-con-inner\">\n\t\t<div class=\"elementor-element elementor-element-d569e32 e-con-full e-flex e-con e-child\" data-id=\"d569e32\" data-element_type=\"container\" data-e-type=\"container\">\n\t\t\t\t<div class=\"elementor-element elementor-element-8cb3204 elementor-widget elementor-widget-text-editor\" data-id=\"8cb3204\" data-element_type=\"widget\" data-e-type=\"widget\" data-widget_type=\"text-editor.default\">\n\t\t\t\t<div class=\"elementor-widget-container\">\n\t\t\t\t\t\t\t\t\t<p><strong>Next Scientific GmbH<\/strong><\/p><p>Im M\u00fchlenbruch 1<br \/>53639 K\u00f6nigswinter<br \/>Deutschland<\/p>\t\t\t\t\t\t\t\t<\/div>\n\t\t\t\t<\/div>\n\t\t\t\t<div class=\"elementor-element elementor-element-9e19548 elementor-widget elementor-widget-text-editor\" data-id=\"9e19548\" data-element_type=\"widget\" data-e-type=\"widget\" data-widget_type=\"text-editor.default\">\n\t\t\t\t<div class=\"elementor-widget-container\">\n\t\t\t\t\t\t\t\t\t<p>Registergericht: Amtsgericht Siegburg<br>Handelsregister-Nr.: HRB 17197<\/p>\n<p>Gesch\u00e4ftsf\u00fchrer: Dr. rer. nat. Thomas Schmidt<\/p>\n<p>Umsatzsteuer-Identifikationsnummer: DE354797801<\/p><p>Wir sind zur Teilnahme an einem Streitbeilegungsverfahren vor einer Verbraucherschlichtungsstelle weder verpflichtet noch bereit.<\/p>\t\t\t\t\t\t\t\t<\/div>\n\t\t\t\t<\/div>\n\t\t\t\t<\/div>\n\t\t<div class=\"elementor-element elementor-element-48e4bba e-con-full e-flex e-con e-child\" data-id=\"48e4bba\" data-element_type=\"container\" data-e-type=\"container\">\n\t\t\t\t<div class=\"elementor-element elementor-element-d3aed8b elementor-widget elementor-widget-text-editor\" data-id=\"d3aed8b\" data-element_type=\"widget\" data-e-type=\"widget\" data-widget_type=\"text-editor.default\">\n\t\t\t\t<div class=\"elementor-widget-container\">\n\t\t\t\t\t\t\t\t\t<p><strong>Telefon:<\/strong> +49 (0)2223 7818-015<\/p><p><strong>E-Mail:<\/strong> mail@next-scientific.com<\/p><p><strong>Web:<\/strong> www.next-scientific.com<\/p>\t\t\t\t\t\t\t\t<\/div>\n\t\t\t\t<\/div>\n\t\t\t\t<\/div>\n\t\t\t\t\t<\/div>\n\t\t\t\t<\/div>\n\t\t\t\t<\/div>\n\t\t","protected":false},"excerpt":{"rendered":"<p>Next Scientific GmbH Im M\u00fchlenbruch 153639 K\u00f6nigswinterDeutschland Registergericht: Amtsgericht SiegburgHandelsregister-Nr.: HRB 17197 Gesch\u00e4ftsf\u00fchrer: Dr. rer. nat. Thomas Schmidt Umsatzsteuer-Identifikationsnummer: DE354797801 Wir sind [&hellip;]<\/p>\n","protected":false},"author":1,"featured_media":0,"parent":0,"menu_order":0,"comment_status":"closed","ping_status":"closed","template":"","meta":{"footnotes":""},"class_list":["post-115","page","type-page","status-publish","hentry"],"yoast_head":"<!-- This site is optimized with the Yoast SEO plugin v27.2 - https:\/\/yoast.com\/product\/yoast-seo-wordpress\/ -->\n<title>Impressum - Next Scientific GmbH<\/title>\n<meta name=\"robots\" content=\"index, follow, max-snippet:-1, max-image-preview:large, max-video-preview:-1\" \/>\n<link rel=\"canonical\" href=\"https:\/\/www.next-scientific.com\/de\/impressum\/\" \/>\n<meta property=\"og:locale\" content=\"de_DE\" \/>\n<meta property=\"og:type\" content=\"article\" \/>\n<meta property=\"og:title\" content=\"Impressum - Next Scientific GmbH\" \/>\n<meta property=\"og:description\" content=\"Next Scientific GmbH Im M\u00fchlenbruch 153639 K\u00f6nigswinterDeutschland Registergericht: Amtsgericht SiegburgHandelsregister-Nr.: HRB 17197 Gesch\u00e4ftsf\u00fchrer: Dr. rer. nat. Thomas Schmidt Umsatzsteuer-Identifikationsnummer: DE354797801 Wir sind [&hellip;]\" \/>\n<meta property=\"og:url\" content=\"https:\/\/www.next-scientific.com\/de\/impressum\/\" \/>\n<meta property=\"og:site_name\" content=\"Next Scientific GmbH\" \/>\n<meta property=\"article:modified_time\" content=\"2026-01-20T10:28:47+00:00\" \/>\n<meta name=\"twitter:card\" content=\"summary_large_image\" \/>\n<meta name=\"twitter:label1\" content=\"Gesch\u00e4tzte Lesezeit\" \/>\n\t<meta name=\"twitter:data1\" content=\"1\u00a0Minute\" \/>\n<script type=\"application\/ld+json\" class=\"yoast-schema-graph\">{\"@context\":\"https:\/\/schema.org\",\"@graph\":[{\"@type\":\"WebPage\",\"@id\":\"https:\/\/www.next-scientific.com\/de\/impressum\/\",\"url\":\"https:\/\/www.next-scientific.com\/de\/impressum\/\",\"name\":\"Impressum - Next Scientific GmbH\",\"isPartOf\":{\"@id\":\"https:\/\/www.next-scientific.com\/de\/#website\"},\"datePublished\":\"2023-11-06T12:47:55+00:00\",\"dateModified\":\"2026-01-20T10:28:47+00:00\",\"breadcrumb\":{\"@id\":\"https:\/\/www.next-scientific.com\/de\/impressum\/#breadcrumb\"},\"inLanguage\":\"de\",\"potentialAction\":[{\"@type\":\"ReadAction\",\"target\":[\"https:\/\/www.next-scientific.com\/de\/impressum\/\"]}]},{\"@type\":\"BreadcrumbList\",\"@id\":\"https:\/\/www.next-scientific.com\/de\/impressum\/#breadcrumb\",\"itemListElement\":[{\"@type\":\"ListItem\",\"position\":1,\"name\":\"Home\",\"item\":\"https:\/\/www.next-scientific.com\/de\/\"},{\"@type\":\"ListItem\",\"position\":2,\"name\":\"Impressum\"}]},{\"@type\":\"WebSite\",\"@id\":\"https:\/\/www.next-scientific.com\/de\/#website\",\"url\":\"https:\/\/www.next-scientific.com\/de\/\",\"name\":\"Next Scientific GmbH\",\"description\":\"Ihr Partner f\u00fcr Health-IT-L\u00f6sungen\",\"publisher\":{\"@id\":\"https:\/\/www.next-scientific.com\/de\/#organization\"},\"potentialAction\":[{\"@type\":\"SearchAction\",\"target\":{\"@type\":\"EntryPoint\",\"urlTemplate\":\"https:\/\/www.next-scientific.com\/de\/?s={search_term_string}\"},\"query-input\":{\"@type\":\"PropertyValueSpecification\",\"valueRequired\":true,\"valueName\":\"search_term_string\"}}],\"inLanguage\":\"de\"},{\"@type\":\"Organization\",\"@id\":\"https:\/\/www.next-scientific.com\/de\/#organization\",\"name\":\"Next Scientific GmbH\",\"url\":\"https:\/\/www.next-scientific.com\/de\/\",\"logo\":{\"@type\":\"ImageObject\",\"inLanguage\":\"de\",\"@id\":\"https:\/\/www.next-scientific.com\/de\/#\/schema\/logo\/image\/\",\"url\":\"https:\/\/www.next-scientific.com\/de\/wp-content\/uploads\/sites\/2\/2025\/05\/logo_lightbgd_bgdtransp.1200dpi-scaled.png\",\"contentUrl\":\"https:\/\/www.next-scientific.com\/de\/wp-content\/uploads\/sites\/2\/2025\/05\/logo_lightbgd_bgdtransp.1200dpi-scaled.png\",\"width\":2560,\"height\":1294,\"caption\":\"Next Scientific GmbH\"},\"image\":{\"@id\":\"https:\/\/www.next-scientific.com\/de\/#\/schema\/logo\/image\/\"},\"sameAs\":[\"https:\/\/www.linkedin.com\/company\/nextscientific\",\"https:\/\/bsky.app\/profile\/next-scientific.com\"]}]}<\/script>\n<!-- \/ Yoast SEO plugin. -->","yoast_head_json":{"title":"Impressum - Next Scientific GmbH","robots":{"index":"index","follow":"follow","max-snippet":"max-snippet:-1","max-image-preview":"max-image-preview:large","max-video-preview":"max-video-preview:-1"},"canonical":"https:\/\/www.next-scientific.com\/de\/impressum\/","og_locale":"de_DE","og_type":"article","og_title":"Impressum - Next Scientific GmbH","og_description":"Next Scientific GmbH Im M\u00fchlenbruch 153639 K\u00f6nigswinterDeutschland Registergericht: Amtsgericht SiegburgHandelsregister-Nr.: HRB 17197 Gesch\u00e4ftsf\u00fchrer: Dr. rer. nat. Thomas Schmidt Umsatzsteuer-Identifikationsnummer: DE354797801 Wir sind [&hellip;]","og_url":"https:\/\/www.next-scientific.com\/de\/impressum\/","og_site_name":"Next Scientific GmbH","article_modified_time":"2026-01-20T10:28:47+00:00","twitter_card":"summary_large_image","twitter_misc":{"Gesch\u00e4tzte Lesezeit":"1\u00a0Minute"},"schema":{"@context":"https:\/\/schema.org","@graph":[{"@type":"WebPage","@id":"https:\/\/www.next-scientific.com\/de\/impressum\/","url":"https:\/\/www.next-scientific.com\/de\/impressum\/","name":"Impressum - Next Scientific GmbH","isPartOf":{"@id":"https:\/\/www.next-scientific.com\/de\/#website"},"datePublished":"2023-11-06T12:47:55+00:00","dateModified":"2026-01-20T10:28:47+00:00","breadcrumb":{"@id":"https:\/\/www.next-scientific.com\/de\/impressum\/#breadcrumb"},"inLanguage":"de","potentialAction":[{"@type":"ReadAction","target":["https:\/\/www.next-scientific.com\/de\/impressum\/"]}]},{"@type":"BreadcrumbList","@id":"https:\/\/www.next-scientific.com\/de\/impressum\/#breadcrumb","itemListElement":[{"@type":"ListItem","position":1,"name":"Home","item":"https:\/\/www.next-scientific.com\/de\/"},{"@type":"ListItem","position":2,"name":"Impressum"}]},{"@type":"WebSite","@id":"https:\/\/www.next-scientific.com\/de\/#website","url":"https:\/\/www.next-scientific.com\/de\/","name":"Next Scientific GmbH","description":"Ihr Partner f\u00fcr Health-IT-L\u00f6sungen","publisher":{"@id":"https:\/\/www.next-scientific.com\/de\/#organization"},"potentialAction":[{"@type":"SearchAction","target":{"@type":"EntryPoint","urlTemplate":"https:\/\/www.next-scientific.com\/de\/?s={search_term_string}"},"query-input":{"@type":"PropertyValueSpecification","valueRequired":true,"valueName":"search_term_string"}}],"inLanguage":"de"},{"@type":"Organization","@id":"https:\/\/www.next-scientific.com\/de\/#organization","name":"Next Scientific GmbH","url":"https:\/\/www.next-scientific.com\/de\/","logo":{"@type":"ImageObject","inLanguage":"de","@id":"https:\/\/www.next-scientific.com\/de\/#\/schema\/logo\/image\/","url":"https:\/\/www.next-scientific.com\/de\/wp-content\/uploads\/sites\/2\/2025\/05\/logo_lightbgd_bgdtransp.1200dpi-scaled.png","contentUrl":"https:\/\/www.next-scientific.com\/de\/wp-content\/uploads\/sites\/2\/2025\/05\/logo_lightbgd_bgdtransp.1200dpi-scaled.png","width":2560,"height":1294,"caption":"Next Scientific GmbH"},"image":{"@id":"https:\/\/www.next-scientific.com\/de\/#\/schema\/logo\/image\/"},"sameAs":["https:\/\/www.linkedin.com\/company\/nextscientific","https:\/\/bsky.app\/profile\/next-scientific.com"]}]}},"_links":{"self":[{"href":"https:\/\/www.next-scientific.com\/de\/wp-json\/wp\/v2\/pages\/115","targetHints":{"allow":["GET"]}}],"collection":[{"href":"https:\/\/www.next-scientific.com\/de\/wp-json\/wp\/v2\/pages"}],"about":[{"href":"https:\/\/www.next-scientific.com\/de\/wp-json\/wp\/v2\/types\/page"}],"author":[{"embeddable":true,"href":"https:\/\/www.next-scientific.com\/de\/wp-json\/wp\/v2\/users\/1"}],"replies":[{"embeddable":true,"href":"https:\/\/www.next-scientific.com\/de\/wp-json\/wp\/v2\/comments?post=115"}],"version-history":[{"count":26,"href":"https:\/\/www.next-scientific.com\/de\/wp-json\/wp\/v2\/pages\/115\/revisions"}],"predecessor-version":[{"id":317,"href":"https:\/\/www.next-scientific.com\/de\/wp-json\/wp\/v2\/pages\/115\/revisions\/317"}],"wp:attachment":[{"href":"https:\/\/www.next-scientific.com\/de\/wp-json\/wp\/v2\/media?parent=115"}],"curies":[{"name":"wp","href":"https:\/\/api.w.org\/{rel}","templated":true}]}}